{"id":133611,"date":"2022-01-17T00:27:14","date_gmt":"2022-01-16T22:27:14","guid":{"rendered":"https:\/\/www.familinparis.fr\/circus-shows-in-paris\/"},"modified":"2026-02-12T14:37:20","modified_gmt":"2026-02-12T12:37:20","slug":"circus-shows-in-paris","status":"publish","type":"page","link":"https:\/\/www.familinparis.fr\/en\/circus-shows-in-paris\/","title":{"rendered":"Circus shows in Paris"},"content":{"rendered":"<div class=\"lazyblock-baseline-1uV98N wp-block-lazyblock-baseline\"><div class=\"baseline\">The best circus shows right now<\/div><\/div>\n<div style=\"height:19px\" aria-hidden=\"true\" class=\"wp-block-spacer\"><\/div>\n\n<div style=\"height:19px\" aria-hidden=\"true\" class=\"wp-block-spacer\"><\/div>\n\n<div class=\"wp-block-columns is-layout-flex wp-container-core-columns-is-layout-9d6595d7 wp-block-columns-is-layout-flex\">\n<div class=\"wp-block-column is-layout-flow wp-block-column-is-layout-flow\" style=\"flex-basis:100%\"><div class=\"lazyblock-grids-2oyxuD wp-block-lazyblock-grids\"><div class=\"row new-grids grids-style-2\">\n        \n    <div class=\"col-12 grids columns-5\">\n        \n\n<div class=\"grid\">\n\t<a href=\"https:\/\/www.familinparis.fr\/en\/romanes-circus-gypsy-folies-nomad-paris\/\" target=\"_self\">\n\t    <div class=\"image\" style=\"background-image:url('https:\/\/www.familinparis.fr\/wp-content\/uploads\/2025\/12\/574858997_122187817892545055_652862970354442305_n-564x282.jpg')\">\n\t    \t\t    \t<div class=\"dateOnImg\">Jusqu&#8217;au 4 janvier 2026<\/div>\n\t    \t\t\t\t\t\t\t\t<div class=\"rond-blanc-age\"><span>For all<\/span><\/div>\n\t\t\t\t    <\/div>\n\t    <div class=\"texte\">\n\t        <h5>Chapiteau Roman\u00e8s (Paris 16\u00e8me)<\/h5>\n\t        <h3>Folies Nomades \u2022 Cirque Tsigane Roman\u00e8s<\/h3>\n\t        <div class=\"tags\">\n\t        \t\t        \t\t<span>spectacle de cirque<\/span>\n\t        \t\t        \t<span>1h30<\/span>\n\t        <\/div>\n\t        <div class=\"bas\">\n        \t\t<div class=\"prix\">\n        \t\t\t        \t\t<\/div>\n            \t<div class=\"review-stars\" data-productId=\"\">\n            \t<\/div>\n\t        <\/div>\n\t    <\/div>\n\t<\/a>\n<\/div>\n\n<div class=\"grid\">\n\t<a href=\"https:\/\/www.familinparis.fr\/en\/tree-the-new-show-of-the-cirque-bormann-in-paris\/\" target=\"_self\">\n\t    <div class=\"image\" style=\"background-image:url('https:\/\/www.familinparis.fr\/wp-content\/uploads\/2024\/07\/cirque-bormann-spectacle-arbre-2024-2025-500x282.jpg')\">\n\t    \t\t    \t<div class=\"dateOnImg\">Until August 10, 2025<\/div>\n\t    \t\t\t\t\t    <\/div>\n\t    <div class=\"texte\">\n\t        <h5>In the 15th<\/h5>\n\t        <h3>Tree: the new show of the Cirque Bormann in Paris<\/h3>\n\t        <div class=\"tags\">\n\t        \t\t        \t\t<span>All audiences, from 3 years old<\/span>\n\t        \t\t        \t<span>1h30<\/span>\n\t        <\/div>\n\t        <div class=\"bas\">\n        \t\t<div class=\"prix\">\n        \t\t\t        \t\t<\/div>\n            \t<div class=\"review-stars\" data-productId=\"\">\n            \t<\/div>\n\t        <\/div>\n\t    <\/div>\n\t<\/a>\n<\/div>\n\n<div class=\"grid\">\n\t<a href=\"https:\/\/www.familinparis.fr\/en\/my-first-cabaret\/\" target=\"_self\">\n\t    <div class=\"image\" style=\"background-image:url('https:\/\/www.familinparis.fr\/wp-content\/uploads\/Spectacles\/cabaret\/affiche-mon-premier-cabaret-paradis-latin-400x282.jpg')\">\n\t    \t\t    \t<div class=\"dateOnImg\">Until January 21, 2025<\/div>\n\t    \t\t\t\t\t    <\/div>\n\t    <div class=\"texte\">\n\t        <h5>Paradis Latin (Paris 5th)<\/h5>\n\t        <h3>My first cabaret<\/h3>\n\t        <div class=\"tags\">\n\t        \t\t        \t\t<span>For everyone, from 5 years old<\/span>\n\t        \t\t        \t<span>1h30<\/span>\n\t        <\/div>\n\t        <div class=\"bas\">\n        \t\t<div class=\"prix\">\n        \t\t\t        \t\t<\/div>\n            \t<div class=\"review-stars\" data-productId=\"\">\n            \t<\/div>\n\t        <\/div>\n\t    <\/div>\n\t<\/a>\n<\/div>    <\/div>\n\n    \n    \n\n<\/div>\n<\/div><\/div>\n<\/div>\n\n<div style=\"height:50px\" aria-hidden=\"true\" class=\"wp-block-spacer\"><\/div>\n\n<div style=\"height:50px\" aria-hidden=\"true\" class=\"wp-block-spacer\"><\/div>\n\n<div data-tiqets-widget=\"discovery\" data-cards-layout=\"responsive\" data-content-type=\"exhibition\" data-language=\"fr\" data-partner=\"Familinparis\" data-item_count=\"14\" data-destination-type=\"city\" data-destination-id=\"66746\" data-tq-campaign=\"banniere-expo-sur-delire-bouglione\"><\/div>\n\n<div style=\"height:50px\" aria-hidden=\"true\" class=\"wp-block-spacer\"><\/div>\n\n<p><strong>The Cirque du Soleil<\/strong>, <strong>the Gruss Circus<\/strong>, <strong>the Winter Circus<\/strong> are the great circuses appreciated by the public and especially by families. The circus is often in the spotlight in Paris with <strong>many quality shows<\/strong>: traditional circus with clowns, new circus playing more on poetry, dance or acrobatics. The equestrian shows are also very spectacular. <strong>Take advantage of <a href=\"https:\/\/www.familinparis.fr\/en\/family-packs-reduced-rates-promotions-flash-sales\/\">discounted<\/a> tickets<\/strong> for most of the shows we offer&#8230; <strong>Remember to book your tickets in advance<\/strong>, especially for major shows, which are not on the bill for a short time! With children too, <a href=\"https:\/\/www.familinparis.fr\/en\/plays-for-children-and-teenagers-in-paris\/\">plays<\/a>, <a href=\"https:\/\/www.familinparis.fr\/en\/magic-show-in-paris-for-fans\/\">magic shows<\/a>, <a href=\"https:\/\/www.familinparis.fr\/en\/concerts-enfant-paris\/\">concerts<\/a>&#8230;   <\/p>\n\n<div class=\"wp-block-columns is-layout-flex wp-container-core-columns-is-layout-9d6595d7 wp-block-columns-is-layout-flex\">\n<div class=\"wp-block-column is-layout-flow wp-block-column-is-layout-flow\">\n<div class=\"wp-block-getwid-banner m-b-20 has-animation-style4 has-text-animation-opacity-bottom has-foreground-15\"><a href=\"\/theatre-enfant\/\" class=\"wp-block-getwid-banner__link\"><div class=\"wp-block-getwid-banner__wrapper\"><img decoding=\"async\" width=\"1000\" height=\"667\" src=\"https:\/\/www.familinparis.fr\/wp-content\/uploads\/Spectacles\/theatre-sh_262527686.jpg\" alt=\"\" class=\"wp-block-getwid-banner__image wp-block-getwid-banner__source wp-image-77925\" srcset=\"https:\/\/www.familinparis.fr\/wp-content\/uploads\/Spectacles\/theatre-sh_262527686.jpg 1000w, https:\/\/www.familinparis.fr\/wp-content\/uploads\/Spectacles\/theatre-sh_262527686-300x200.jpg 300w, https:\/\/www.familinparis.fr\/wp-content\/uploads\/Spectacles\/theatre-sh_262527686-768x512.jpg 768w, https:\/\/www.familinparis.fr\/wp-content\/uploads\/Spectacles\/theatre-sh_262527686-18x12.jpg 18w, https:\/\/www.familinparis.fr\/wp-content\/uploads\/Spectacles\/theatre-sh_262527686-730x487.jpg 730w, https:\/\/www.familinparis.fr\/wp-content\/uploads\/Spectacles\/theatre-sh_262527686-270x180.jpg 270w\" sizes=\"(max-width: 1000px) 100vw, 1000px\" \/><div class=\"wp-block-getwid-banner__caption\" style=\"min-height:300px\"><div class=\"wp-block-getwid-banner__caption-wrapper\"><span class=\"wp-block-getwid-banner__title\">LES PI\u00c8CES DE TH\u00c9\u00c2TRE<\/span><\/div><\/div><\/div><\/a><\/div>\n<\/div>\n\n\n\n<div class=\"wp-block-column is-layout-flow wp-block-column-is-layout-flow\">\n<div class=\"wp-block-getwid-banner m-b-20 has-animation-style4 has-text-animation-opacity-bottom has-foreground-15\"><a href=\"\/spectacle-magie-enfant\/\" class=\"wp-block-getwid-banner__link\"><div class=\"wp-block-getwid-banner__wrapper\"><img decoding=\"async\" width=\"1000\" height=\"666\" src=\"https:\/\/www.familinparis.fr\/wp-content\/uploads\/Spectacles\/spectacle-de-magie-sh_214419154.jpg\" alt=\"\" class=\"wp-block-getwid-banner__image wp-block-getwid-banner__source wp-image-77927\" srcset=\"https:\/\/www.familinparis.fr\/wp-content\/uploads\/Spectacles\/spectacle-de-magie-sh_214419154.jpg 1000w, https:\/\/www.familinparis.fr\/wp-content\/uploads\/Spectacles\/spectacle-de-magie-sh_214419154-300x200.jpg 300w, https:\/\/www.familinparis.fr\/wp-content\/uploads\/Spectacles\/spectacle-de-magie-sh_214419154-768x511.jpg 768w, https:\/\/www.familinparis.fr\/wp-content\/uploads\/Spectacles\/spectacle-de-magie-sh_214419154-18x12.jpg 18w, https:\/\/www.familinparis.fr\/wp-content\/uploads\/Spectacles\/spectacle-de-magie-sh_214419154-730x486.jpg 730w, https:\/\/www.familinparis.fr\/wp-content\/uploads\/Spectacles\/spectacle-de-magie-sh_214419154-270x180.jpg 270w\" sizes=\"(max-width: 1000px) 100vw, 1000px\" \/><div class=\"wp-block-getwid-banner__caption\" style=\"min-height:300px\"><div class=\"wp-block-getwid-banner__caption-wrapper\"><span class=\"wp-block-getwid-banner__title\">LES SPECTACLES DE MAGIE<\/span><\/div><\/div><\/div><\/a><\/div>\n<\/div>\n\n\n\n<div class=\"wp-block-column is-layout-flow wp-block-column-is-layout-flow\">\n<div class=\"wp-block-getwid-banner m-b-20 has-animation-style4 has-text-animation-opacity-bottom has-foreground-15\"><a href=\"https:\/\/www.familinparis.fr\/en\/jazz-and-afternoon-tea-at-sunset-sunside\/\" class=\"wp-block-getwid-banner__link\"><div class=\"wp-block-getwid-banner__wrapper\"><img decoding=\"async\" width=\"600\" height=\"420\" src=\"\/wp-content\/uploads\/Spectacles\/concerts\/JAZZ-GOUTER-SUNSET.jpg\" alt=\"\" class=\"wp-block-getwid-banner__image wp-block-getwid-banner__source wp-image-20321\" srcset=\"https:\/\/www.familinparis.fr\/wp-content\/uploads\/Spectacles\/concerts\/JAZZ-GOUTER-SUNSET.jpg 600w, https:\/\/www.familinparis.fr\/wp-content\/uploads\/Spectacles\/concerts\/JAZZ-GOUTER-SUNSET-300x210.jpg 300w\" sizes=\"(max-width: 600px) 100vw, 600px\" \/><div class=\"wp-block-getwid-banner__caption\" style=\"min-height:300px\"><div class=\"wp-block-getwid-banner__caption-wrapper\"><span class=\"wp-block-getwid-banner__title\">JAZZ AND AFTERNOON TEA AT SUNSET SUNSIDE<\/span><\/div><\/div><\/div><\/a><\/div>\n<\/div>\n<\/div>\n\n<div class=\"wp-block-columns is-layout-flex wp-container-core-columns-is-layout-9d6595d7 wp-block-columns-is-layout-flex\">\n<div class=\"wp-block-column is-layout-flow wp-block-column-is-layout-flow\">\n<div class=\"wp-block-getwid-banner m-b-20 has-animation-style4 has-text-animation-opacity-bottom has-foreground-15\"><a href=\"\/expo-enfants\/\" class=\"wp-block-getwid-banner__link\"><div class=\"wp-block-getwid-banner__wrapper\"><img decoding=\"async\" width=\"1000\" height=\"750\" src=\"https:\/\/www.familinparis.fr\/wp-content\/uploads\/Expos\/2022\/Sally-Gabori-expo.jpg\" alt=\"\" class=\"wp-block-getwid-banner__image wp-block-getwid-banner__source wp-image-77179\" srcset=\"https:\/\/www.familinparis.fr\/wp-content\/uploads\/Expos\/2022\/Sally-Gabori-expo.jpg 1000w, https:\/\/www.familinparis.fr\/wp-content\/uploads\/Expos\/2022\/Sally-Gabori-expo-300x225.jpg 300w, https:\/\/www.familinparis.fr\/wp-content\/uploads\/Expos\/2022\/Sally-Gabori-expo-768x576.jpg 768w, https:\/\/www.familinparis.fr\/wp-content\/uploads\/Expos\/2022\/Sally-Gabori-expo-16x12.jpg 16w, https:\/\/www.familinparis.fr\/wp-content\/uploads\/Expos\/2022\/Sally-Gabori-expo-730x548.jpg 730w, https:\/\/www.familinparis.fr\/wp-content\/uploads\/Expos\/2022\/Sally-Gabori-expo-800x600.jpg 800w\" sizes=\"(max-width: 1000px) 100vw, 1000px\" \/><div class=\"wp-block-getwid-banner__caption\" style=\"min-height:300px\"><div class=\"wp-block-getwid-banner__caption-wrapper\"><span class=\"wp-block-getwid-banner__title\">LES MEILLEURES EXPOSITIONS<\/span><\/div><\/div><\/div><\/a><\/div>\n<\/div>\n\n\n\n<div class=\"wp-block-column is-layout-flow wp-block-column-is-layout-flow\">\n<div class=\"wp-block-getwid-banner m-b-20 has-animation-style4 has-text-animation-opacity-bottom has-foreground-15\"><a href=\"https:\/\/www.familinparis.fr\/en\/escape-game-exterieur-paris\/\" class=\"wp-block-getwid-banner__link\"><div class=\"wp-block-getwid-banner__wrapper\"><img decoding=\"async\" width=\"590\" height=\"400\" src=\"\/wp-content\/uploads\/LOISIRS\/escape-game\/escape-game-secrets-du-marais.jpg\" alt=\"\" class=\"wp-block-getwid-banner__image wp-block-getwid-banner__source wp-image-42522\" srcset=\"https:\/\/www.familinparis.fr\/wp-content\/uploads\/LOISIRS\/escape-game\/escape-game-secrets-du-marais.jpg 590w, https:\/\/www.familinparis.fr\/wp-content\/uploads\/LOISIRS\/escape-game\/escape-game-secrets-du-marais-300x203.jpg 300w, https:\/\/www.familinparis.fr\/wp-content\/uploads\/LOISIRS\/escape-game\/escape-game-secrets-du-marais-16x12.jpg 16w\" sizes=\"(max-width: 590px) 100vw, 590px\" \/><div class=\"wp-block-getwid-banner__caption\" style=\"min-height:300px\"><div class=\"wp-block-getwid-banner__caption-wrapper\"><span class=\"wp-block-getwid-banner__title\">OUTDOOR ESCAPE GAMES<\/span><\/div><\/div><\/div><\/a><\/div>\n<\/div>\n\n\n\n<div class=\"wp-block-column is-layout-flow wp-block-column-is-layout-flow\">\n<div class=\"wp-block-getwid-banner m-b-20 has-animation-style4 has-text-animation-opacity-bottom has-foreground-15\"><a href=\"\/concerts-enfant-paris\/\" class=\"wp-block-getwid-banner__link\"><div class=\"wp-block-getwid-banner__wrapper\"><img decoding=\"async\" width=\"1000\" height=\"666\" src=\"https:\/\/www.familinparis.fr\/wp-content\/uploads\/Spectacles\/concert-sh_770907337.jpg\" alt=\"\" class=\"wp-block-getwid-banner__image wp-block-getwid-banner__source wp-image-77928\" srcset=\"https:\/\/www.familinparis.fr\/wp-content\/uploads\/Spectacles\/concert-sh_770907337.jpg 1000w, https:\/\/www.familinparis.fr\/wp-content\/uploads\/Spectacles\/concert-sh_770907337-300x200.jpg 300w, https:\/\/www.familinparis.fr\/wp-content\/uploads\/Spectacles\/concert-sh_770907337-768x511.jpg 768w, https:\/\/www.familinparis.fr\/wp-content\/uploads\/Spectacles\/concert-sh_770907337-18x12.jpg 18w, https:\/\/www.familinparis.fr\/wp-content\/uploads\/Spectacles\/concert-sh_770907337-730x486.jpg 730w, https:\/\/www.familinparis.fr\/wp-content\/uploads\/Spectacles\/concert-sh_770907337-270x180.jpg 270w\" sizes=\"(max-width: 1000px) 100vw, 1000px\" \/><div class=\"wp-block-getwid-banner__caption\" style=\"min-height:300px\"><div class=\"wp-block-getwid-banner__caption-wrapper\"><span class=\"wp-block-getwid-banner__title\">LES CONCERTS JEUNE PUBLIC<\/span><\/div><\/div><\/div><\/a><\/div>\n<\/div>\n<\/div>\n\n<div style=\"height:33px\" aria-hidden=\"true\" class=\"wp-block-spacer\"><\/div>\n\n<div class=\"wp-block-buttons m-b-20 is-content-justification-center is-layout-flex wp-container-core-buttons-is-layout-16018d1d wp-block-buttons-is-layout-flex\">\n<div class=\"wp-block-button\"><a class=\"wp-block-button__link has-white-color has-text-color has-background wp-element-button\" href=\"https:\/\/www.familinparis.fr\/en\/what-to-do-in-paris-this-weekend\/\" style=\"background-color:#00809b\">This weekend<\/a><\/div>\n\n\n\n<div class=\"wp-block-button\"><a class=\"wp-block-button__link has-white-color has-text-color has-background wp-element-button\" href=\"https:\/\/www.familinparis.fr\/en\/ideas-for-this-wednesday-in-paris\/\" style=\"background-color:#00809b\">This Wednesday<\/a><\/div>\n\n\n\n<div class=\"wp-block-button\"><a class=\"wp-block-button__link has-white-color has-text-color has-background wp-element-button\" href=\"https:\/\/www.familinparis.fr\/en\/activite-sortie-avec-un-bebe-paris\/\" style=\"background-color:#00809b\">With 0-3 year olds<\/a><\/div>\n\n\n\n<div class=\"wp-block-button\"><a class=\"wp-block-button__link has-white-color has-text-color has-background wp-element-button\" href=\"https:\/\/www.familinparis.fr\/en\/paris-with-a-small-child\/\" style=\"background-color:#00809b\">With 3-6 year olds<\/a><\/div>\n\n\n\n<div class=\"wp-block-button\"><a class=\"wp-block-button__link has-white-color has-text-color has-background wp-element-button\" href=\"https:\/\/www.familinparis.fr\/en\/sortie-enfant-paris\/\" style=\"background-color:#00809b\">With 7-12 year olds<\/a><\/div>\n\n\n\n<div class=\"wp-block-button\"><a class=\"wp-block-button__link has-white-color has-text-color has-background wp-element-button\" href=\"https:\/\/www.familinparis.fr\/en\/what-to-do-in-paris-with-a-teenager\/\" style=\"background-color:#00809b\">With teenagers<\/a><\/div>\n<\/div>\n\n<div style=\"height:20px\" aria-hidden=\"true\" class=\"wp-block-spacer\"><\/div>\n","protected":false},"excerpt":{"rendered":"<p>The Cirque du Soleil, the Gruss Circus, the Winter Circus are the great circuses appreciated by the public and especially by families. The circus is often in the spotlight in Paris with many quality shows: traditional circus with clowns, new circus playing more on poetry, dance or acrobatics. The equestrian shows are also very spectacular.<\/p>\n","protected":false},"author":6,"featured_media":0,"parent":0,"menu_order":0,"comment_status":"closed","ping_status":"closed","template":"","meta":{"_uag_custom_page_level_css":"","footnotes":""},"class_list":["post-133611","page","type-page","status-publish"],"yoast_head":"<!-- This site is optimized with the Yoast SEO plugin v27.2 - https:\/\/yoast.com\/product\/yoast-seo-wordpress\/ -->\n<title>The best circus shows for children and teenagers in Paris<\/title>\n<meta name=\"description\" content=\"Our selection of circus shows to see with the family in Paris. Take advantage of reduced rates and promotions on the ticket office.\" \/>\n<meta name=\"robots\" content=\"index, follow, max-snippet:-1, max-image-preview:large, max-video-preview:-1\" \/>\n<link rel=\"canonical\" href=\"https:\/\/www.familinparis.fr\/en\/circus-shows-in-paris\/\" \/>\n<meta property=\"og:locale\" content=\"en_US\" \/>\n<meta property=\"og:type\" content=\"article\" \/>\n<meta property=\"og:title\" content=\"The best circus shows for children and teenagers in Paris\" \/>\n<meta property=\"og:description\" content=\"Our selection of circus shows to see with the family in Paris. Take advantage of reduced rates and promotions on the ticket office.\" \/>\n<meta property=\"og:url\" content=\"https:\/\/www.familinparis.fr\/en\/circus-shows-in-paris\/\" \/>\n<meta property=\"og:site_name\" content=\"Familin&#039;Paris\" \/>\n<meta property=\"article:modified_time\" content=\"2026-02-12T12:37:20+00:00\" \/>\n<meta property=\"og:image\" content=\"https:\/\/www.familinparis.fr\/wp-content\/uploads\/Spectacles\/theatre-sh_262527686.jpg\" \/>\n\t<meta property=\"og:image:width\" content=\"1000\" \/>\n\t<meta property=\"og:image:height\" content=\"667\" \/>\n\t<meta property=\"og:image:type\" content=\"image\/jpeg\" \/>\n<meta name=\"twitter:card\" content=\"summary_large_image\" \/>\n<meta name=\"twitter:label1\" content=\"Est. reading time\" \/>\n\t<meta name=\"twitter:data1\" content=\"1 minute\" \/>\n<script type=\"application\/ld+json\" class=\"yoast-schema-graph\">{\"@context\":\"https:\/\/schema.org\",\"@graph\":[{\"@type\":\"WebPage\",\"@id\":\"https:\/\/www.familinparis.fr\/en\/circus-shows-in-paris\/\",\"url\":\"https:\/\/www.familinparis.fr\/en\/circus-shows-in-paris\/\",\"name\":\"The best circus shows for children and teenagers in Paris\",\"isPartOf\":{\"@id\":\"https:\/\/www.familinparis.fr\/en\/#website\"},\"primaryImageOfPage\":{\"@id\":\"https:\/\/www.familinparis.fr\/en\/circus-shows-in-paris\/#primaryimage\"},\"image\":{\"@id\":\"https:\/\/www.familinparis.fr\/en\/circus-shows-in-paris\/#primaryimage\"},\"thumbnailUrl\":\"https:\/\/www.familinparis.fr\/wp-content\/uploads\/Spectacles\/theatre-sh_262527686.jpg\",\"datePublished\":\"2022-01-16T22:27:14+00:00\",\"dateModified\":\"2026-02-12T12:37:20+00:00\",\"description\":\"Our selection of circus shows to see with the family in Paris. Take advantage of reduced rates and promotions on the ticket office.\",\"breadcrumb\":{\"@id\":\"https:\/\/www.familinparis.fr\/en\/circus-shows-in-paris\/#breadcrumb\"},\"inLanguage\":\"en-US\",\"potentialAction\":[{\"@type\":\"ReadAction\",\"target\":[\"https:\/\/www.familinparis.fr\/en\/circus-shows-in-paris\/\"]}]},{\"@type\":\"ImageObject\",\"inLanguage\":\"en-US\",\"@id\":\"https:\/\/www.familinparis.fr\/en\/circus-shows-in-paris\/#primaryimage\",\"url\":\"https:\/\/www.familinparis.fr\/wp-content\/uploads\/Spectacles\/theatre-sh_262527686.jpg\",\"contentUrl\":\"https:\/\/www.familinparis.fr\/wp-content\/uploads\/Spectacles\/theatre-sh_262527686.jpg\"},{\"@type\":\"BreadcrumbList\",\"@id\":\"https:\/\/www.familinparis.fr\/en\/circus-shows-in-paris\/#breadcrumb\",\"itemListElement\":[{\"@type\":\"ListItem\",\"position\":1,\"name\":\"Home\",\"item\":\"https:\/\/www.familinparis.fr\/en\/\"},{\"@type\":\"ListItem\",\"position\":2,\"name\":\"Circus shows in Paris\"}]},{\"@type\":\"WebSite\",\"@id\":\"https:\/\/www.familinparis.fr\/en\/#website\",\"url\":\"https:\/\/www.familinparis.fr\/en\/\",\"name\":\"Familin&#039;Paris\",\"description\":\"Visiter le meilleur de Paris avec des enfants : sorties, spectacles, adresses de restaurants, shopping, bons plans...\",\"potentialAction\":[{\"@type\":\"SearchAction\",\"target\":{\"@type\":\"EntryPoint\",\"urlTemplate\":\"https:\/\/www.familinparis.fr\/en\/?s={search_term_string}\"},\"query-input\":{\"@type\":\"PropertyValueSpecification\",\"valueRequired\":true,\"valueName\":\"search_term_string\"}}],\"inLanguage\":\"en-US\"}]}<\/script>\n<!-- \/ Yoast SEO plugin. -->","yoast_head_json":{"title":"The best circus shows for children and teenagers in Paris","description":"Our selection of circus shows to see with the family in Paris. Take advantage of reduced rates and promotions on the ticket office.","robots":{"index":"index","follow":"follow","max-snippet":"max-snippet:-1","max-image-preview":"max-image-preview:large","max-video-preview":"max-video-preview:-1"},"canonical":"https:\/\/www.familinparis.fr\/en\/circus-shows-in-paris\/","og_locale":"en_US","og_type":"article","og_title":"The best circus shows for children and teenagers in Paris","og_description":"Our selection of circus shows to see with the family in Paris. Take advantage of reduced rates and promotions on the ticket office.","og_url":"https:\/\/www.familinparis.fr\/en\/circus-shows-in-paris\/","og_site_name":"Familin&#039;Paris","article_modified_time":"2026-02-12T12:37:20+00:00","og_image":[{"width":1000,"height":667,"url":"https:\/\/www.familinparis.fr\/wp-content\/uploads\/Spectacles\/theatre-sh_262527686.jpg","type":"image\/jpeg"}],"twitter_card":"summary_large_image","twitter_misc":{"Est. reading time":"1 minute"},"schema":{"@context":"https:\/\/schema.org","@graph":[{"@type":"WebPage","@id":"https:\/\/www.familinparis.fr\/en\/circus-shows-in-paris\/","url":"https:\/\/www.familinparis.fr\/en\/circus-shows-in-paris\/","name":"The best circus shows for children and teenagers in Paris","isPartOf":{"@id":"https:\/\/www.familinparis.fr\/en\/#website"},"primaryImageOfPage":{"@id":"https:\/\/www.familinparis.fr\/en\/circus-shows-in-paris\/#primaryimage"},"image":{"@id":"https:\/\/www.familinparis.fr\/en\/circus-shows-in-paris\/#primaryimage"},"thumbnailUrl":"https:\/\/www.familinparis.fr\/wp-content\/uploads\/Spectacles\/theatre-sh_262527686.jpg","datePublished":"2022-01-16T22:27:14+00:00","dateModified":"2026-02-12T12:37:20+00:00","description":"Our selection of circus shows to see with the family in Paris. Take advantage of reduced rates and promotions on the ticket office.","breadcrumb":{"@id":"https:\/\/www.familinparis.fr\/en\/circus-shows-in-paris\/#breadcrumb"},"inLanguage":"en-US","potentialAction":[{"@type":"ReadAction","target":["https:\/\/www.familinparis.fr\/en\/circus-shows-in-paris\/"]}]},{"@type":"ImageObject","inLanguage":"en-US","@id":"https:\/\/www.familinparis.fr\/en\/circus-shows-in-paris\/#primaryimage","url":"https:\/\/www.familinparis.fr\/wp-content\/uploads\/Spectacles\/theatre-sh_262527686.jpg","contentUrl":"https:\/\/www.familinparis.fr\/wp-content\/uploads\/Spectacles\/theatre-sh_262527686.jpg"},{"@type":"BreadcrumbList","@id":"https:\/\/www.familinparis.fr\/en\/circus-shows-in-paris\/#breadcrumb","itemListElement":[{"@type":"ListItem","position":1,"name":"Home","item":"https:\/\/www.familinparis.fr\/en\/"},{"@type":"ListItem","position":2,"name":"Circus shows in Paris"}]},{"@type":"WebSite","@id":"https:\/\/www.familinparis.fr\/en\/#website","url":"https:\/\/www.familinparis.fr\/en\/","name":"Familin&#039;Paris","description":"Visiter le meilleur de Paris avec des enfants : sorties, spectacles, adresses de restaurants, shopping, bons plans...","potentialAction":[{"@type":"SearchAction","target":{"@type":"EntryPoint","urlTemplate":"https:\/\/www.familinparis.fr\/en\/?s={search_term_string}"},"query-input":{"@type":"PropertyValueSpecification","valueRequired":true,"valueName":"search_term_string"}}],"inLanguage":"en-US"}]}},"uagb_featured_image_src":{"full":false,"thumbnail":false,"medium":false,"medium_large":false,"large":false,"1536x1536":false,"2048x2048":false,"home-thumb":false,"home-slider":false,"lightbox-slider-size":false,"post-thumbnail":false,"cheerup-main":false,"cheerup-main-full":false,"cheerup-slider-alt":false,"cheerup-slider-trendy":false,"cheerup-slider-stylish":false,"cheerup-slider-grid":false,"cheerup-slider-grid-sm":false,"cheerup-slider-carousel":false,"cheerup-slider-grid-b":false,"cheerup-slider-grid-b-sm":false,"cheerup-slider-bold-sm":false,"cheerup-grid":false,"cheerup-carousel":false,"cheerup-carousel-b":false,"cheerup-list":false,"cheerup-list-b":false,"cheerup-thumb":false,"cheerup-thumb-alt":false},"uagb_author_info":{"display_name":"Agn\u00e8s","author_link":"https:\/\/www.familinparis.fr\/en\/author\/agnes\/"},"uagb_comment_info":0,"uagb_excerpt":"The Cirque du Soleil, the Gruss Circus, the Winter Circus are the great circuses appreciated by the public and especially by families. The circus is often in the spotlight in Paris with many quality shows: traditional circus with clowns, new circus playing more on poetry, dance or acrobatics. The equestrian shows are also very spectacular.","_links":{"self":[{"href":"https:\/\/www.familinparis.fr\/en\/wp-json\/wp\/v2\/pages\/133611","targetHints":{"allow":["GET"]}}],"collection":[{"href":"https:\/\/www.familinparis.fr\/en\/wp-json\/wp\/v2\/pages"}],"about":[{"href":"https:\/\/www.familinparis.fr\/en\/wp-json\/wp\/v2\/types\/page"}],"author":[{"embeddable":true,"href":"https:\/\/www.familinparis.fr\/en\/wp-json\/wp\/v2\/users\/6"}],"replies":[{"embeddable":true,"href":"https:\/\/www.familinparis.fr\/en\/wp-json\/wp\/v2\/comments?post=133611"}],"version-history":[{"count":0,"href":"https:\/\/www.familinparis.fr\/en\/wp-json\/wp\/v2\/pages\/133611\/revisions"}],"wp:attachment":[{"href":"https:\/\/www.familinparis.fr\/en\/wp-json\/wp\/v2\/media?parent=133611"}],"curies":[{"name":"wp","href":"https:\/\/api.w.org\/{rel}","templated":true}]}}