{"id":133498,"date":"2022-09-17T11:59:57","date_gmt":"2022-09-17T09:59:57","guid":{"rendered":"https:\/\/www.familinparis.fr\/contact-us\/"},"modified":"2024-11-15T12:51:55","modified_gmt":"2024-11-15T10:51:55","slug":"contact-us","status":"publish","type":"page","link":"https:\/\/www.familinparis.fr\/en\/contact-us\/","title":{"rendered":"Contact us"},"content":{"rendered":"\n<h1 class=\"has-text-align-center wp-block-heading\">CONTACT<\/h1>\n\n<p class=\"has-text-align-center\">Do you have a question, a request for a quote or need more information?  <br\/>Contact us via this form.  <br\/>We will respond to your request as soon as possible.<\/p>\n\n<section class=\"wp-block-uagb-section uagb-section__wrap uagb-section__background-color uagb-block-6f98a7cc\"><div class=\"uagb-section__overlay\"><\/div><div class=\"uagb-section__inner-wrap\">\n<div class=\"wpcf7 no-js\" id=\"wpcf7-f5-o1\" lang=\"fr-FR\" dir=\"ltr\" data-wpcf7-id=\"5\">\n<div class=\"screen-reader-response\"><p role=\"status\" aria-live=\"polite\" aria-atomic=\"true\"><\/p> <ul><\/ul><\/div>\n<form action=\"\/en\/wp-json\/wp\/v2\/pages\/133498#wpcf7-f5-o1\" method=\"post\" class=\"wpcf7-form init\" aria-label=\"Formulaire de contact\" novalidate=\"novalidate\" data-status=\"init\">\n<fieldset class=\"hidden-fields-container\"><input type=\"hidden\" name=\"_wpcf7\" value=\"5\" \/><input type=\"hidden\" name=\"_wpcf7_version\" value=\"6.1.5\" \/><input type=\"hidden\" name=\"_wpcf7_locale\" value=\"fr_FR\" \/><input type=\"hidden\" name=\"_wpcf7_unit_tag\" value=\"wpcf7-f5-o1\" \/><input type=\"hidden\" name=\"_wpcf7_container_post\" value=\"0\" \/><input type=\"hidden\" name=\"_wpcf7_posted_data_hash\" value=\"\" \/><input type=\"hidden\" name=\"_wpcf7_recaptcha_response\" value=\"\" \/>\n<\/fieldset>\n<p><label> Votre nom<span class=\"pink\">*<\/span><br \/>\n<span class=\"wpcf7-form-control-wrap\" data-name=\"your-name\"><input size=\"40\" maxlength=\"400\" class=\"wpcf7-form-control wpcf7-text wpcf7-validates-as-required sib-input\" aria-required=\"true\" aria-invalid=\"false\" placeholder=\"Votre nom\" value=\"\" type=\"text\" name=\"your-name\" \/><\/span><\/label>\n<\/p>\n<p><label> Votre adresse e-mail<span class=\"pink\">*<\/span><br \/>\n<span class=\"wpcf7-form-control-wrap\" data-name=\"your-email\"><input size=\"40\" maxlength=\"400\" class=\"wpcf7-form-control wpcf7-email wpcf7-validates-as-required wpcf7-text wpcf7-validates-as-email sib-input\" aria-required=\"true\" aria-invalid=\"false\" placeholder=\"Votre adresse e-mail\" value=\"\" type=\"email\" name=\"your-email\" \/><\/span> <\/label>\n<\/p>\n<p><label> Votre num\u00e9ro de t\u00e9l\u00e9phone<\/label><br \/>\n<span class=\"wpcf7-form-control-wrap\" data-name=\"your-phonenumber\"><input size=\"40\" maxlength=\"400\" class=\"wpcf7-form-control wpcf7-tel wpcf7-text wpcf7-validates-as-tel sib-input\" aria-invalid=\"false\" placeholder=\"Votre num\u00e9ro de t\u00e9l\u00e9phone\" value=\"\" type=\"tel\" name=\"your-phonenumber\" \/><\/span>\n<\/p>\n<p><label> Objet de votre demande<span class=\"pink\">*<\/span><br \/>\n<span class=\"wpcf7-form-control-wrap\" data-name=\"your-subject\"><input size=\"40\" maxlength=\"400\" class=\"wpcf7-form-control wpcf7-text wpcf7-validates-as-required sib-input\" aria-required=\"true\" aria-invalid=\"false\" placeholder=\"Objet de la demande\" value=\"\" type=\"text\" name=\"your-subject\" \/><\/span> <\/label>\n<\/p>\n<p><label> Produit concern\u00e9<br \/>\n<span class=\"wpcf7-form-control-wrap\" data-name=\"product\"><input size=\"40\" maxlength=\"400\" class=\"wpcf7-form-control wpcf7-text sib-input\" aria-invalid=\"false\" placeholder=\"Produit concern\u00e9\" value=\"\" type=\"text\" name=\"product\" \/><\/span> <\/label>\n<\/p>\n<p><label> Votre message<br \/>\n<span class=\"wpcf7-form-control-wrap\" data-name=\"your-message\"><textarea cols=\"40\" rows=\"10\" maxlength=\"2000\" class=\"wpcf7-form-control wpcf7-textarea sib-input\" aria-invalid=\"false\" placeholder=\"Votre message\" name=\"your-message\"><\/textarea><\/span> <\/label>\n<\/p>\n<input class=\"wpcf7-form-control wpcf7-hidden\" value=\"\" type=\"hidden\" name=\"referer-page\" \/>\n<div class=\"t-center\">\n\t<p><input class=\"wpcf7-form-control wpcf7-submit has-spinner\" type=\"submit\" value=\"Envoyer\" \/>\n\t<\/p>\n<\/div><p style=\"display: none !important;\" class=\"akismet-fields-container\" data-prefix=\"_wpcf7_ak_\"><label>&#916;<textarea name=\"_wpcf7_ak_hp_textarea\" cols=\"45\" rows=\"8\" maxlength=\"100\"><\/textarea><\/label><input type=\"hidden\" id=\"ak_js_1\" name=\"_wpcf7_ak_js\" value=\"115\"\/><script>document.getElementById( \"ak_js_1\" ).setAttribute( \"value\", ( new Date() ).getTime() );<\/script><\/p><div class=\"wpcf7-response-output\" aria-hidden=\"true\"><\/div>\n<\/form>\n<\/div>\n\n<\/div><\/section>\n\n<div style=\"height:100px\" aria-hidden=\"true\" class=\"wp-block-spacer\"><\/div>\n","protected":false},"excerpt":{"rendered":"<p>CONTACT Do you have a question, a request for a quote or need more information? Contact us via this form. We will respond to your request as soon as possible.<\/p>\n","protected":false},"author":9,"featured_media":131377,"parent":0,"menu_order":0,"comment_status":"closed","ping_status":"closed","template":"page-blocks.php","meta":{"_uag_custom_page_level_css":"","footnotes":""},"class_list":["post-133498","page","type-page","status-publish","has-post-thumbnail"],"yoast_head":"<!-- This site is optimized with the Yoast SEO plugin v27.2 - https:\/\/yoast.com\/product\/yoast-seo-wordpress\/ -->\n<title>Contact - Familin&#039;Paris<\/title>\n<meta name=\"description\" content=\"Contact the Familin&#039;Paris teams for a request for a quote, a request for a price or a request for information, partnership, etc.\" \/>\n<meta name=\"robots\" content=\"index, follow, max-snippet:-1, max-image-preview:large, max-video-preview:-1\" \/>\n<link rel=\"canonical\" href=\"https:\/\/www.familinparis.fr\/en\/contact-us\/\" \/>\n<meta property=\"og:locale\" content=\"en_US\" \/>\n<meta property=\"og:type\" content=\"article\" \/>\n<meta property=\"og:title\" content=\"Contact - Familin&#039;Paris\" \/>\n<meta property=\"og:description\" content=\"Contact the Familin&#039;Paris teams for a request for a quote, a request for a price or a request for information, partnership, etc.\" \/>\n<meta property=\"og:url\" content=\"https:\/\/www.familinparis.fr\/en\/contact-us\/\" \/>\n<meta property=\"og:site_name\" content=\"Familin&#039;Paris\" \/>\n<meta property=\"article:modified_time\" content=\"2024-11-15T10:51:55+00:00\" \/>\n<meta property=\"og:image\" content=\"https:\/\/www.familinparis.fr\/wp-content\/uploads\/pont-de-paris\/Paris-pont-sh_17675305.jpg\" \/>\n\t<meta property=\"og:image:width\" content=\"1000\" \/>\n\t<meta property=\"og:image:height\" content=\"666\" \/>\n\t<meta property=\"og:image:type\" content=\"image\/jpeg\" \/>\n<meta name=\"twitter:card\" content=\"summary_large_image\" \/>\n<script type=\"application\/ld+json\" class=\"yoast-schema-graph\">{\"@context\":\"https:\/\/schema.org\",\"@graph\":[{\"@type\":\"WebPage\",\"@id\":\"https:\/\/www.familinparis.fr\/en\/contact-us\/\",\"url\":\"https:\/\/www.familinparis.fr\/en\/contact-us\/\",\"name\":\"Contact - Familin'Paris\",\"isPartOf\":{\"@id\":\"https:\/\/www.familinparis.fr\/en\/#website\"},\"primaryImageOfPage\":{\"@id\":\"https:\/\/www.familinparis.fr\/en\/contact-us\/#primaryimage\"},\"image\":{\"@id\":\"https:\/\/www.familinparis.fr\/en\/contact-us\/#primaryimage\"},\"thumbnailUrl\":\"https:\/\/www.familinparis.fr\/wp-content\/uploads\/pont-de-paris\/Paris-pont-sh_17675305.jpg\",\"datePublished\":\"2022-09-17T09:59:57+00:00\",\"dateModified\":\"2024-11-15T10:51:55+00:00\",\"description\":\"Contact the Familin'Paris teams for a request for a quote, a request for a price or a request for information, partnership, etc.\",\"breadcrumb\":{\"@id\":\"https:\/\/www.familinparis.fr\/en\/contact-us\/#breadcrumb\"},\"inLanguage\":\"en-US\",\"potentialAction\":[{\"@type\":\"ReadAction\",\"target\":[\"https:\/\/www.familinparis.fr\/en\/contact-us\/\"]}]},{\"@type\":\"ImageObject\",\"inLanguage\":\"en-US\",\"@id\":\"https:\/\/www.familinparis.fr\/en\/contact-us\/#primaryimage\",\"url\":\"https:\/\/www.familinparis.fr\/wp-content\/uploads\/pont-de-paris\/Paris-pont-sh_17675305.jpg\",\"contentUrl\":\"https:\/\/www.familinparis.fr\/wp-content\/uploads\/pont-de-paris\/Paris-pont-sh_17675305.jpg\",\"width\":1000,\"height\":666},{\"@type\":\"BreadcrumbList\",\"@id\":\"https:\/\/www.familinparis.fr\/en\/contact-us\/#breadcrumb\",\"itemListElement\":[{\"@type\":\"ListItem\",\"position\":1,\"name\":\"Home\",\"item\":\"https:\/\/www.familinparis.fr\/en\/\"},{\"@type\":\"ListItem\",\"position\":2,\"name\":\"Contact us\"}]},{\"@type\":\"WebSite\",\"@id\":\"https:\/\/www.familinparis.fr\/en\/#website\",\"url\":\"https:\/\/www.familinparis.fr\/en\/\",\"name\":\"Familin&#039;Paris\",\"description\":\"Visiter le meilleur de Paris avec des enfants : sorties, spectacles, adresses de restaurants, shopping, bons plans...\",\"potentialAction\":[{\"@type\":\"SearchAction\",\"target\":{\"@type\":\"EntryPoint\",\"urlTemplate\":\"https:\/\/www.familinparis.fr\/en\/?s={search_term_string}\"},\"query-input\":{\"@type\":\"PropertyValueSpecification\",\"valueRequired\":true,\"valueName\":\"search_term_string\"}}],\"inLanguage\":\"en-US\"}]}<\/script>\n<!-- \/ Yoast SEO plugin. -->","yoast_head_json":{"title":"Contact - Familin'Paris","description":"Contact the Familin'Paris teams for a request for a quote, a request for a price or a request for information, partnership, etc.","robots":{"index":"index","follow":"follow","max-snippet":"max-snippet:-1","max-image-preview":"max-image-preview:large","max-video-preview":"max-video-preview:-1"},"canonical":"https:\/\/www.familinparis.fr\/en\/contact-us\/","og_locale":"en_US","og_type":"article","og_title":"Contact - Familin'Paris","og_description":"Contact the Familin'Paris teams for a request for a quote, a request for a price or a request for information, partnership, etc.","og_url":"https:\/\/www.familinparis.fr\/en\/contact-us\/","og_site_name":"Familin&#039;Paris","article_modified_time":"2024-11-15T10:51:55+00:00","og_image":[{"width":1000,"height":666,"url":"https:\/\/www.familinparis.fr\/wp-content\/uploads\/pont-de-paris\/Paris-pont-sh_17675305.jpg","type":"image\/jpeg"}],"twitter_card":"summary_large_image","schema":{"@context":"https:\/\/schema.org","@graph":[{"@type":"WebPage","@id":"https:\/\/www.familinparis.fr\/en\/contact-us\/","url":"https:\/\/www.familinparis.fr\/en\/contact-us\/","name":"Contact - Familin'Paris","isPartOf":{"@id":"https:\/\/www.familinparis.fr\/en\/#website"},"primaryImageOfPage":{"@id":"https:\/\/www.familinparis.fr\/en\/contact-us\/#primaryimage"},"image":{"@id":"https:\/\/www.familinparis.fr\/en\/contact-us\/#primaryimage"},"thumbnailUrl":"https:\/\/www.familinparis.fr\/wp-content\/uploads\/pont-de-paris\/Paris-pont-sh_17675305.jpg","datePublished":"2022-09-17T09:59:57+00:00","dateModified":"2024-11-15T10:51:55+00:00","description":"Contact the Familin'Paris teams for a request for a quote, a request for a price or a request for information, partnership, etc.","breadcrumb":{"@id":"https:\/\/www.familinparis.fr\/en\/contact-us\/#breadcrumb"},"inLanguage":"en-US","potentialAction":[{"@type":"ReadAction","target":["https:\/\/www.familinparis.fr\/en\/contact-us\/"]}]},{"@type":"ImageObject","inLanguage":"en-US","@id":"https:\/\/www.familinparis.fr\/en\/contact-us\/#primaryimage","url":"https:\/\/www.familinparis.fr\/wp-content\/uploads\/pont-de-paris\/Paris-pont-sh_17675305.jpg","contentUrl":"https:\/\/www.familinparis.fr\/wp-content\/uploads\/pont-de-paris\/Paris-pont-sh_17675305.jpg","width":1000,"height":666},{"@type":"BreadcrumbList","@id":"https:\/\/www.familinparis.fr\/en\/contact-us\/#breadcrumb","itemListElement":[{"@type":"ListItem","position":1,"name":"Home","item":"https:\/\/www.familinparis.fr\/en\/"},{"@type":"ListItem","position":2,"name":"Contact us"}]},{"@type":"WebSite","@id":"https:\/\/www.familinparis.fr\/en\/#website","url":"https:\/\/www.familinparis.fr\/en\/","name":"Familin&#039;Paris","description":"Visiter le meilleur de Paris avec des enfants : sorties, spectacles, adresses de restaurants, shopping, bons plans...","potentialAction":[{"@type":"SearchAction","target":{"@type":"EntryPoint","urlTemplate":"https:\/\/www.familinparis.fr\/en\/?s={search_term_string}"},"query-input":{"@type":"PropertyValueSpecification","valueRequired":true,"valueName":"search_term_string"}}],"inLanguage":"en-US"}]}},"uagb_featured_image_src":{"full":["https:\/\/www.familinparis.fr\/wp-content\/uploads\/pont-de-paris\/Paris-pont-sh_17675305.jpg",1000,666,false],"thumbnail":["https:\/\/www.familinparis.fr\/wp-content\/uploads\/pont-de-paris\/Paris-pont-sh_17675305-150x150.jpg",150,150,true],"medium":["https:\/\/www.familinparis.fr\/wp-content\/uploads\/pont-de-paris\/Paris-pont-sh_17675305-300x200.jpg",300,200,true],"medium_large":["https:\/\/www.familinparis.fr\/wp-content\/uploads\/pont-de-paris\/Paris-pont-sh_17675305-768x511.jpg",768,511,true],"large":["https:\/\/www.familinparis.fr\/wp-content\/uploads\/pont-de-paris\/Paris-pont-sh_17675305.jpg",770,513,false],"1536x1536":["https:\/\/www.familinparis.fr\/wp-content\/uploads\/pont-de-paris\/Paris-pont-sh_17675305.jpg",1000,666,false],"2048x2048":["https:\/\/www.familinparis.fr\/wp-content\/uploads\/pont-de-paris\/Paris-pont-sh_17675305.jpg",1000,666,false],"home-thumb":["https:\/\/www.familinparis.fr\/wp-content\/uploads\/pont-de-paris\/Paris-pont-sh_17675305-730x486.jpg",730,486,true],"home-slider":["https:\/\/www.familinparis.fr\/wp-content\/uploads\/pont-de-paris\/Paris-pont-sh_17675305-800x600.jpg",800,600,true],"lightbox-slider-size":["https:\/\/www.familinparis.fr\/wp-content\/uploads\/pont-de-paris\/Paris-pont-sh_17675305-564x282.jpg",564,282,true],"post-thumbnail":["https:\/\/www.familinparis.fr\/wp-content\/uploads\/pont-de-paris\/Paris-pont-sh_17675305-270x180.jpg",270,180,true],"cheerup-main":["https:\/\/www.familinparis.fr\/wp-content\/uploads\/pont-de-paris\/Paris-pont-sh_17675305-770x400.jpg",770,400,true],"cheerup-main-full":["https:\/\/www.familinparis.fr\/wp-content\/uploads\/pont-de-paris\/Paris-pont-sh_17675305-1000x508.jpg",1000,508,true],"cheerup-slider-alt":["https:\/\/www.familinparis.fr\/wp-content\/uploads\/pont-de-paris\/Paris-pont-sh_17675305-1000x508.jpg",1000,508,true],"cheerup-slider-trendy":["https:\/\/www.familinparis.fr\/wp-content\/uploads\/pont-de-paris\/Paris-pont-sh_17675305-960x508.jpg",960,508,true],"cheerup-slider-stylish":["https:\/\/www.familinparis.fr\/wp-content\/uploads\/pont-de-paris\/Paris-pont-sh_17675305-900x515.jpg",900,515,true],"cheerup-slider-grid":["https:\/\/www.familinparis.fr\/wp-content\/uploads\/pont-de-paris\/Paris-pont-sh_17675305-870x600.jpg",870,600,true],"cheerup-slider-grid-sm":["https:\/\/www.familinparis.fr\/wp-content\/uploads\/pont-de-paris\/Paris-pont-sh_17675305-300x300.jpg",300,300,true],"cheerup-slider-carousel":["https:\/\/www.familinparis.fr\/wp-content\/uploads\/pont-de-paris\/Paris-pont-sh_17675305-370x370.jpg",370,370,true],"cheerup-slider-grid-b":["https:\/\/www.familinparis.fr\/wp-content\/uploads\/pont-de-paris\/Paris-pont-sh_17675305-554x466.jpg",554,466,true],"cheerup-slider-grid-b-sm":["https:\/\/www.familinparis.fr\/wp-content\/uploads\/pont-de-paris\/Paris-pont-sh_17675305-306x466.jpg",306,466,true],"cheerup-slider-bold-sm":["https:\/\/www.familinparis.fr\/wp-content\/uploads\/pont-de-paris\/Paris-pont-sh_17675305-150x150.jpg",150,150,true],"cheerup-grid":["https:\/\/www.familinparis.fr\/wp-content\/uploads\/pont-de-paris\/Paris-pont-sh_17675305-370x285.jpg",370,285,true],"cheerup-carousel":["https:\/\/www.familinparis.fr\/wp-content\/uploads\/pont-de-paris\/Paris-pont-sh_17675305-270x180.jpg",270,180,true],"cheerup-carousel-b":["https:\/\/www.familinparis.fr\/wp-content\/uploads\/pont-de-paris\/Paris-pont-sh_17675305-370x285.jpg",370,285,true],"cheerup-list":["https:\/\/www.familinparis.fr\/wp-content\/uploads\/pont-de-paris\/Paris-pont-sh_17675305-260x200.jpg",260,200,true],"cheerup-list-b":["https:\/\/www.familinparis.fr\/wp-content\/uploads\/pont-de-paris\/Paris-pont-sh_17675305-370x305.jpg",370,305,true],"cheerup-thumb":["https:\/\/www.familinparis.fr\/wp-content\/uploads\/pont-de-paris\/Paris-pont-sh_17675305-87x67.jpg",87,67,true],"cheerup-thumb-alt":["https:\/\/www.familinparis.fr\/wp-content\/uploads\/pont-de-paris\/Paris-pont-sh_17675305-150x150.jpg",150,150,true]},"uagb_author_info":{"display_name":"Charles Duvert","author_link":"https:\/\/www.familinparis.fr\/en\/author\/charles\/"},"uagb_comment_info":0,"uagb_excerpt":"CONTACT Do you have a question, a request for a quote or need more information? Contact us via this form. We will respond to your request as soon as possible.","_links":{"self":[{"href":"https:\/\/www.familinparis.fr\/en\/wp-json\/wp\/v2\/pages\/133498","targetHints":{"allow":["GET"]}}],"collection":[{"href":"https:\/\/www.familinparis.fr\/en\/wp-json\/wp\/v2\/pages"}],"about":[{"href":"https:\/\/www.familinparis.fr\/en\/wp-json\/wp\/v2\/types\/page"}],"author":[{"embeddable":true,"href":"https:\/\/www.familinparis.fr\/en\/wp-json\/wp\/v2\/users\/9"}],"replies":[{"embeddable":true,"href":"https:\/\/www.familinparis.fr\/en\/wp-json\/wp\/v2\/comments?post=133498"}],"version-history":[{"count":0,"href":"https:\/\/www.familinparis.fr\/en\/wp-json\/wp\/v2\/pages\/133498\/revisions"}],"wp:featuredmedia":[{"embeddable":true,"href":"https:\/\/www.familinparis.fr\/en\/wp-json\/wp\/v2\/media\/131377"}],"wp:attachment":[{"href":"https:\/\/www.familinparis.fr\/en\/wp-json\/wp\/v2\/media?parent=133498"}],"curies":[{"name":"wp","href":"https:\/\/api.w.org\/{rel}","templated":true}]}}